{"id":16,"date":"2015-07-31T10:03:47","date_gmt":"2015-07-31T10:03:47","guid":{"rendered":"http:\/\/puzzlerbox.com\/levelup\/demo4\/?page_id=16"},"modified":"2024-09-14T16:40:47","modified_gmt":"2024-09-14T16:40:47","slug":"contact","status":"publish","type":"page","link":"https:\/\/kg-unterrather-funken.de\/index.php\/contact\/","title":{"rendered":"Kontakt"},"content":{"rendered":"<div class=\"wpb-content-wrapper\"><p>[vc_row full_width=&#8220;stretch_row&#8220; columns_placement_dyn=&#8220;stretch&#8220; gap=&#8220;40&#8243; css=&#8220;.vc_custom_1536088161369{margin-top: 60px !important;}&#8220;][vc_column width=&#8220;1\/2&#8243; resoinsive_indent=&#8220;sm&#8220; offset=&#8220;vc_col-lg-3 vc_col-md-3 vc_col-xs-12&#8243;][vc_column_text]<\/p>\n<h3>K.G. Unterrather Funken<br \/>\nBlau Gelb 1950 e.V.<\/h3>\n<p><strong>Vereinsanschrift<\/strong><\/p>\n<p>c\/o J\u00f6rg Balters Service<br \/>\nM\u00fcnsterstr. 388<br \/>\n40470 D\u00fcsseldorf<br \/>\ninfo@kg-unterrather-funken.de<\/p>\n<p><strong>Vereinslokal\/Veranstaltungsort<\/strong><\/p>\n<p><span class=\"st\">Tus-Treff\/Rollhockeyhalle<br \/>\nEckener Str. 49<br \/>\n40468 D\u00fcsseldorf<br \/>\n<\/span><a href=\"http:\/\/www.tus-nord-treff.de\" target=\"_blank\" rel=\"noopener noreferrer\">www.tus-nord-treff.de<\/a>[\/vc_column_text][\/vc_column][vc_column vertical_spacing=&#8220;30&#8243; width=&#8220;1\/2&#8243; offset=&#8220;vc_col-lg-6 vc_col-md-6 vc_col-xs-12&#8243;]\n<div class=\"wpcf7 no-js\" id=\"wpcf7-f1020-o1\" lang=\"de-DE\" dir=\"ltr\" data-wpcf7-id=\"1020\">\n<div class=\"screen-reader-response\"><p role=\"status\" aria-live=\"polite\" aria-atomic=\"true\"><\/p> <ul><\/ul><\/div>\n<form action=\"\/index.php\/wp-json\/wp\/v2\/pages\/16#wpcf7-f1020-o1\" method=\"post\" class=\"wpcf7-form init\" aria-label=\"Kontaktformular\" novalidate=\"novalidate\" data-status=\"init\">\n<fieldset class=\"hidden-fields-container\"><input type=\"hidden\" name=\"_wpcf7\" value=\"1020\" \/><input type=\"hidden\" name=\"_wpcf7_version\" value=\"6.1.5\" \/><input type=\"hidden\" name=\"_wpcf7_locale\" value=\"de_DE\" \/><input type=\"hidden\" name=\"_wpcf7_unit_tag\" value=\"wpcf7-f1020-o1\" \/><input type=\"hidden\" name=\"_wpcf7_container_post\" value=\"0\" \/><input type=\"hidden\" name=\"_wpcf7_posted_data_hash\" value=\"\" \/>\n<\/fieldset>\n<p><label> Dein Name (Pflichtfeld)<br \/>\n<span class=\"wpcf7-form-control-wrap\" data-name=\"your-name\"><input size=\"40\" maxlength=\"400\" class=\"wpcf7-form-control wpcf7-text wpcf7-validates-as-required\" aria-required=\"true\" aria-invalid=\"false\" value=\"\" type=\"text\" name=\"your-name\" \/><\/span> <\/label>\n<\/p>\n<p><label> Deine E-Mail-Adresse (Pflichtfeld)<br \/>\n<span class=\"wpcf7-form-control-wrap\" data-name=\"your-email\"><input size=\"40\" maxlength=\"400\" class=\"wpcf7-form-control wpcf7-email wpcf7-validates-as-required wpcf7-text wpcf7-validates-as-email\" aria-required=\"true\" aria-invalid=\"false\" value=\"\" type=\"email\" name=\"your-email\" \/><\/span> <\/label>\n<\/p>\n<p><label> Betreff (Pflichtfeld)<br \/>\n<span class=\"wpcf7-form-control-wrap\" data-name=\"betreff\"><input size=\"40\" maxlength=\"400\" class=\"wpcf7-form-control wpcf7-text wpcf7-validates-as-required\" aria-required=\"true\" aria-invalid=\"false\" value=\"\" type=\"text\" name=\"betreff\" \/><\/span> <\/label>\n<\/p>\n<p><label> Deine Nachricht (Pflichtfeld)<br \/>\n<span class=\"wpcf7-form-control-wrap\" data-name=\"nachricht\"><textarea cols=\"40\" rows=\"10\" maxlength=\"2000\" class=\"wpcf7-form-control wpcf7-textarea wpcf7-validates-as-required\" aria-required=\"true\" aria-invalid=\"false\" name=\"nachricht\"><\/textarea><\/span> <\/label>\n<\/p>\n<p><span class=\"wpcf7-form-control-wrap\" data-name=\"CheckboxDatenschutz\"><span class=\"wpcf7-form-control wpcf7-acceptance\"><span class=\"wpcf7-list-item\"><label><input type=\"checkbox\" name=\"CheckboxDatenschutz\" value=\"1\" aria-invalid=\"false\" \/><span class=\"wpcf7-list-item-label\">Hiermit erkl\u00e4re ich mich einverstanden, dass meine in das Kontaktformular eingegebenen Daten elektronisch gespeichert und zum Zweck der Kontaktaufnahme verarbeitet und genutzt werden. Mir ist bekannt, dass ich meine Einwilligung jederzeit widerrufen kann. Weitere Informationen und Widerrufshinweise finden Sie in der Datenschutzerkl\u00e4rung im Bereich <a href=\"https:\/\/kg-unterrather-funken.de\/index.php\/datenschutzerklaerung\/\">Datenschutz<\/a> auf dieser Website.<\/span><\/label><\/span><\/span><\/span>\n<\/p>\n<p><input class=\"wpcf7-form-control wpcf7-submit has-spinner\" type=\"submit\" value=\"Senden\" \/>\n<\/p>\n<p><span id=\"wpcf7-69df49d06445d-wrapper\" class=\"wpcf7-form-control-wrap vorname-wrap\" style=\"display:none !important; visibility:hidden !important;\"><label for=\"wpcf7-69df49d06445d-field\" class=\"hp-message\">Bitte lasse dieses Feld leer.<\/label><input id=\"wpcf7-69df49d06445d-field\"  class=\"wpcf7-form-control wpcf7-text\" type=\"text\" name=\"vorname\" value=\"\" size=\"40\" tabindex=\"-1\" autocomplete=\"new-password\" \/><\/span><br \/>\n<span id=\"wpcf7-69df49d06447e-wrapper\" class=\"wpcf7-form-control-wrap nachname-wrap\" style=\"display:none !important; visibility:hidden !important;\"><label for=\"wpcf7-69df49d06447e-field\" class=\"hp-message\">Bitte lasse dieses Feld leer.<\/label><input id=\"wpcf7-69df49d06447e-field\"  class=\"wpcf7-form-control wpcf7-text\" type=\"text\" name=\"nachname\" value=\"\" size=\"40\" tabindex=\"-1\" autocomplete=\"new-password\" \/><\/span>\n<\/p><div class=\"wpcf7-response-output\" aria-hidden=\"true\"><\/div>\n<\/form>\n<\/div>\n[\/vc_column][\/vc_row]<\/p>\n<\/div>","protected":false},"excerpt":{"rendered":"<p>[vc_row full_width=&#8220;stretch_row&#8220; columns_placement_dyn=&#8220;stretch&#8220; gap=&#8220;40&#8243; css=&#8220;.vc_custom_1536088161369{margin-top: 60px !important;}&#8220;][vc_column width=&#8220;1\/2&#8243; resoinsive_indent=&#8220;sm&#8220; offset=&#8220;vc_col-lg-3 vc_col-md-3 vc_col-xs-12&#8243;][vc_column_text] K.G. Unterrather Funken Blau Gelb 1950 e.V. Vereinsanschrift c\/o J\u00f6rg Balters Service M\u00fcnsterstr. 388 40470 D\u00fcsseldorf info@kg-unterrather-funken.de Vereinslokal\/Veranstaltungsort [&hellip;]<\/p>\n","protected":false},"author":1,"featured_media":0,"parent":0,"menu_order":0,"comment_status":"closed","ping_status":"closed","template":"","meta":{"footnotes":""},"class_list":["post-16","page","type-page","status-publish","hentry"],"_links":{"self":[{"href":"https:\/\/kg-unterrather-funken.de\/index.php\/wp-json\/wp\/v2\/pages\/16","targetHints":{"allow":["GET"]}}],"collection":[{"href":"https:\/\/kg-unterrather-funken.de\/index.php\/wp-json\/wp\/v2\/pages"}],"about":[{"href":"https:\/\/kg-unterrather-funken.de\/index.php\/wp-json\/wp\/v2\/types\/page"}],"author":[{"embeddable":true,"href":"https:\/\/kg-unterrather-funken.de\/index.php\/wp-json\/wp\/v2\/users\/1"}],"replies":[{"embeddable":true,"href":"https:\/\/kg-unterrather-funken.de\/index.php\/wp-json\/wp\/v2\/comments?post=16"}],"version-history":[{"count":15,"href":"https:\/\/kg-unterrather-funken.de\/index.php\/wp-json\/wp\/v2\/pages\/16\/revisions"}],"predecessor-version":[{"id":8978,"href":"https:\/\/kg-unterrather-funken.de\/index.php\/wp-json\/wp\/v2\/pages\/16\/revisions\/8978"}],"wp:attachment":[{"href":"https:\/\/kg-unterrather-funken.de\/index.php\/wp-json\/wp\/v2\/media?parent=16"}],"curies":[{"name":"wp","href":"https:\/\/api.w.org\/{rel}","templated":true}]}}