{"id":1159,"date":"2018-09-09T09:11:11","date_gmt":"2018-09-09T09:11:11","guid":{"rendered":"https:\/\/wp-new.unterrather-funken.de\/?page_id=1159"},"modified":"2025-10-14T18:31:31","modified_gmt":"2025-10-14T18:31:31","slug":"jugend","status":"publish","type":"page","link":"https:\/\/kg-unterrather-funken.de\/index.php\/jugend\/","title":{"rendered":"Jugend"},"content":{"rendered":"<div class=\"wpb-content-wrapper\"><p>[vc_row columns_placement_dyn=&#8220;top&#8220; gap=&#8220;55&#8243; css=&#8220;.vc_custom_1536091358722{padding-top: 8% !important;padding-bottom: 4% !important;background-color: #ffffff !important;}&#8220;][vc_column width=&#8220;2\/3&#8243;][vc_column_text]<\/p>\n<div class=\"entry-content row\">\n<div class=\"container row_section vc_row_p_30\">\n<div class=\"vc_row wpb_row vc_row-fluid vc_column-gap-30\">\n<div class=\"row-container container-fluid\">\n<div class=\"row-inner\">\n<div class=\"wpb_column vc_column_container vc_col-sm-12\">\n<div class=\"vc_column-inner \">\n<div class=\"wpb_wrapper\">\n<h4>Unsere Jugend ist der ganze Stolz und die Zukunft unseres Vereins.<\/h4>\n<p>Die Kinder- und Jugendtanzgruppe Funkies und unsere Showtanzgruppe bereichern jedes Jahr unsere Sitzungen mit ihren T\u00e4nzen und begleiten uns mit viel Spa\u00df an der Freud durch die Sessionen.<\/p>\n<p>Die <strong>Funkies<\/strong> tanzen schon seit 1996 auf den kleinen und gro\u00dfen B\u00fchnen in Unterrath, D\u00fcsseldorf und mittlerweile bis \u00fcber die Stadtgrenze hinaus ins Ruhrgebiet und Sauerland. Einige von ihnen sind von Anfang an dabei und so haben sich die jungen Erwachsenen zu einer eigenen Gruppe zusammengesetzt und tanzen nun als <strong>Showtanzgruppe der Unterrather Funken<\/strong> mit 17 T\u00e4nzerinnen und T\u00e4nzer weiter durch den Karneval.<\/p>\n<p>Und bei den Funkies haben wir diese Session wieder neuen Nachwuchs bekommen. Die Kinder- und Jugendtanzgruppe besteht zurzeit aus 30 T\u00e4nzerinnen\u00a0 zwischen 6 und 15 Jahren.<\/p>\n<p>Wenn Sie unsere Tanzgruppen live erleben m\u00f6chten, dann kommen Sie zu einer unserer Veranstaltungen oder buchen Sie unsere Jugend f\u00fcr ihre eigene Party, zum Geburtstag, zur Hochzeit oder jeder anderen Feier.<\/p>\n<\/div>\n<\/div>\n<\/div>\n<\/div>\n<\/div>\n<\/div>\n<\/div>\n<\/div>\n<p>[\/vc_column_text][\/vc_column][vc_column vertical_spacing=&#8220;15&#8243; width=&#8220;1\/3&#8243;][vc_column_text css=&#8220;.vc_custom_1760466689990{padding-top: 20px !important;padding-right: 20px !important;padding-bottom: 20px !important;padding-left: 20px !important;background-color: #ecece8 !important;}&#8220;]<\/p>\n<h2><strong>Jugendwartin<\/strong><\/h2>\n<p><strong>Katharina Pink \u2013 1. Jugendwartin<br \/>\nSarah Nikolik \u2013 2. Jugendwartin<\/strong><br \/>\n<a href=\"mailto:jugend@unterrather-funken.de\">jugend@kg-unterrather-funken.de<\/a><\/p>\n<p>Die Jugendtanzgruppen sind auch au\u00dferhalb der Session buchbar. Schreibt einfach die Jugendwartin an.[\/vc_column_text][\/vc_column][\/vc_row][vc_row css=&#8220;.vc_custom_1536091350845{margin-bottom: 4% !important;background-color: #ffffff !important;}&#8220;][vc_column][vc_separator color=&#8220;#cccccc&#8220; width=&#8220;100%&#8220;][\/vc_column][\/vc_row][vc_row][vc_column][rdy_gallery gutter=&#8220;5&#8243; images=&#8220;2049,7605,7607,7606,11892,11891,11890&#8243;][\/vc_column][\/vc_row]<\/p>\n<\/div>","protected":false},"excerpt":{"rendered":"<p>[vc_row columns_placement_dyn=&#8220;top&#8220; gap=&#8220;55&#8243; css=&#8220;.vc_custom_1536091358722{padding-top: 8% !important;padding-bottom: 4% !important;background-color: #ffffff !important;}&#8220;][vc_column width=&#8220;2\/3&#8243;][vc_column_text] Unsere Jugend ist der ganze Stolz und die Zukunft unseres Vereins. Die Kinder- und Jugendtanzgruppe Funkies und unsere Showtanzgruppe [&hellip;]<\/p>\n","protected":false},"author":1,"featured_media":1161,"parent":0,"menu_order":0,"comment_status":"closed","ping_status":"open","template":"","meta":{"footnotes":""},"class_list":["post-1159","page","type-page","status-publish","has-post-thumbnail","hentry"],"_links":{"self":[{"href":"https:\/\/kg-unterrather-funken.de\/index.php\/wp-json\/wp\/v2\/pages\/1159","targetHints":{"allow":["GET"]}}],"collection":[{"href":"https:\/\/kg-unterrather-funken.de\/index.php\/wp-json\/wp\/v2\/pages"}],"about":[{"href":"https:\/\/kg-unterrather-funken.de\/index.php\/wp-json\/wp\/v2\/types\/page"}],"author":[{"embeddable":true,"href":"https:\/\/kg-unterrather-funken.de\/index.php\/wp-json\/wp\/v2\/users\/1"}],"replies":[{"embeddable":true,"href":"https:\/\/kg-unterrather-funken.de\/index.php\/wp-json\/wp\/v2\/comments?post=1159"}],"version-history":[{"count":15,"href":"https:\/\/kg-unterrather-funken.de\/index.php\/wp-json\/wp\/v2\/pages\/1159\/revisions"}],"predecessor-version":[{"id":12155,"href":"https:\/\/kg-unterrather-funken.de\/index.php\/wp-json\/wp\/v2\/pages\/1159\/revisions\/12155"}],"wp:featuredmedia":[{"embeddable":true,"href":"https:\/\/kg-unterrather-funken.de\/index.php\/wp-json\/wp\/v2\/media\/1161"}],"wp:attachment":[{"href":"https:\/\/kg-unterrather-funken.de\/index.php\/wp-json\/wp\/v2\/media?parent=1159"}],"curies":[{"name":"wp","href":"https:\/\/api.w.org\/{rel}","templated":true}]}}